{"id":78,"date":"2024-09-08T10:35:05","date_gmt":"2024-09-08T08:35:05","guid":{"rendered":"https:\/\/bpwie.pl\/?page_id=78"},"modified":"2024-09-08T11:17:31","modified_gmt":"2024-09-08T09:17:31","slug":"oferta","status":"publish","type":"page","link":"https:\/\/bpwie.pl\/","title":{"rendered":"Oferta"},"content":{"rendered":"\n<p id=\"block-b4e4b2ec-b19b-461d-82d3-b903c3b29020\"><strong>PROJEKTY<\/strong><\/p>\n\n\n\n<ul id=\"block-bc5cdf8d-cece-43e8-869c-ab02e13b4b00\" class=\"wp-block-list\">\n<li>projekty sieci i obiekt\u00f3w elektroenergetycznych.<\/li>\n\n\n\n<li>projekty instalacji elektrycznych teletechnicznych w obiektach kubaturowych,<\/li>\n<\/ul>\n\n\n\n<p id=\"block-3a7f827f-62b3-4292-b5fe-d77192b29b53\"><strong>NADZORY I DORADZTWO TECHNICZNE<\/strong><\/p>\n\n\n\n<ul id=\"block-fb1dcc3d-9f16-47d5-a0f7-c4676cced22e\" class=\"wp-block-list\">\n<li>nadzory autorskie i inwestorskie dla bran\u017cy elektrycznej,<\/li>\n\n\n\n<li>pe\u0142nienie funkcji kierownika rob\u00f3t elektrycznych,<\/li>\n\n\n\n<li>koncepcje, obliczenia techniczne, programy funkcjonalno-u\u017cytkowe, analizy inwestycji elektroenergetycznych.<\/li>\n<\/ul>\n\n\n\n<p id=\"block-34e3c555-b2be-4aa7-92b1-21b6e23b355d\"><strong>WYKONAWSTWO<\/strong><\/p>\n\n\n\n<ul id=\"block-a0aa1191-0472-49e1-b0ea-4750484c7bc1\" class=\"wp-block-list\">\n<li>kompleksowa realizacja rob\u00f3t elektrycznych i teletechnicznych, obiekt\u00f3w kubaturowych i liniowych,<\/li>\n\n\n\n<li>przegl\u0105dy okresowe instalacji elektrycznych,<\/li>\n\n\n\n<li>badanie skuteczno\u015bci ochrony od pora\u017ce\u0144, pomiary : rezystancji izolacji, rezystancji uziemie\u0144, o\u015bwietlenia.<\/li>\n<\/ul>\n","protected":false},"excerpt":{"rendered":"<p>PROJEKTY NADZORY I DORADZTWO TECHNICZNE WYKONAWSTWO<\/p>\n","protected":false},"author":1,"featured_media":0,"parent":0,"menu_order":0,"comment_status":"closed","ping_status":"closed","template":"","meta":{"footnotes":""},"class_list":["post-78","page","type-page","status-publish","hentry"],"_links":{"self":[{"href":"https:\/\/bpwie.pl\/index.php?rest_route=\/wp\/v2\/pages\/78"}],"collection":[{"href":"https:\/\/bpwie.pl\/index.php?rest_route=\/wp\/v2\/pages"}],"about":[{"href":"https:\/\/bpwie.pl\/index.php?rest_route=\/wp\/v2\/types\/page"}],"author":[{"embeddable":true,"href":"https:\/\/bpwie.pl\/index.php?rest_route=\/wp\/v2\/users\/1"}],"replies":[{"embeddable":true,"href":"https:\/\/bpwie.pl\/index.php?rest_route=%2Fwp%2Fv2%2Fcomments&post=78"}],"version-history":[{"count":2,"href":"https:\/\/bpwie.pl\/index.php?rest_route=\/wp\/v2\/pages\/78\/revisions"}],"predecessor-version":[{"id":83,"href":"https:\/\/bpwie.pl\/index.php?rest_route=\/wp\/v2\/pages\/78\/revisions\/83"}],"wp:attachment":[{"href":"https:\/\/bpwie.pl\/index.php?rest_route=%2Fwp%2Fv2%2Fmedia&parent=78"}],"curies":[{"name":"wp","href":"https:\/\/api.w.org\/{rel}","templated":true}]}}