{"id":76,"date":"2024-09-08T10:35:05","date_gmt":"2024-09-08T08:35:05","guid":{"rendered":"https:\/\/bpwie.pl\/?page_id=76"},"modified":"2024-09-08T11:19:44","modified_gmt":"2024-09-08T09:19:44","slug":"o-mnie","status":"publish","type":"page","link":"https:\/\/bpwie.pl\/?page_id=76","title":{"rendered":"O mnie"},"content":{"rendered":"\n<p>Biuro Projektowo- Wykonawcze Instalacji Elektrycznych Wojciech Szyma\u0144ski jest prywatn\u0105 firm\u0105 specjalizuj\u0105c\u0105 si\u0119 w projektowaniu, kosztorysowaniu i sprawowaniu nadzoru nad realizacj\u0105 inwestycji w zakresie instalacji elektrycznych silno- i s\u0142abopr\u0105dowych. Firma \u015bwiadczy us\u0142ugi doradztwa technicznego, monta\u017cowe i pomiarowe w dziedzinie elektrotechniki i elektroenergetyki.<\/p>\n\n\n\n<p><span style=\"font-size: revert;\">BPWIE powsta\u0142o w 2017 roku, jako jednoosobowa dzia\u0142alno\u015b\u0107 gospodarcza pod numerem<\/span><span style=\"background-color: rgba(119, 119, 119, 0.2); font-size: revert;\">:<\/span><\/p>\n\n\n\n<p><span style=\"font-size: revert;\">NIP: 581 115 12 21<\/span><\/p>\n\n\n\n<p><span style=\"font-size: revert;\">REGON: 170347565<\/span><br><\/p>\n\n\n\n<p><\/p>\n","protected":false},"excerpt":{"rendered":"<p>Biuro Projektowo- Wykonawcze Instalacji Elektrycznych Wojciech Szyma\u0144ski jest prywatn\u0105 firm\u0105 specjalizuj\u0105c\u0105 si\u0119 w projektowaniu, kosztorysowaniu i sprawowaniu nadzoru nad realizacj\u0105 inwestycji w zakresie instalacji elektrycznych silno- i s\u0142abopr\u0105dowych. Firma \u015bwiadczy us\u0142ugi doradztwa technicznego, monta\u017cowe i pomiarowe w dziedzinie elektrotechniki i elektroenergetyki. BPWIE powsta\u0142o w 2017 roku, jako jednoosobowa dzia\u0142alno\u015b\u0107 gospodarcza&#8230;<\/p>\n","protected":false},"author":1,"featured_media":0,"parent":0,"menu_order":0,"comment_status":"closed","ping_status":"closed","template":"","meta":{"footnotes":""},"class_list":["post-76","page","type-page","status-publish","hentry"],"_links":{"self":[{"href":"https:\/\/bpwie.pl\/index.php?rest_route=\/wp\/v2\/pages\/76"}],"collection":[{"href":"https:\/\/bpwie.pl\/index.php?rest_route=\/wp\/v2\/pages"}],"about":[{"href":"https:\/\/bpwie.pl\/index.php?rest_route=\/wp\/v2\/types\/page"}],"author":[{"embeddable":true,"href":"https:\/\/bpwie.pl\/index.php?rest_route=\/wp\/v2\/users\/1"}],"replies":[{"embeddable":true,"href":"https:\/\/bpwie.pl\/index.php?rest_route=%2Fwp%2Fv2%2Fcomments&post=76"}],"version-history":[{"count":3,"href":"https:\/\/bpwie.pl\/index.php?rest_route=\/wp\/v2\/pages\/76\/revisions"}],"predecessor-version":[{"id":96,"href":"https:\/\/bpwie.pl\/index.php?rest_route=\/wp\/v2\/pages\/76\/revisions\/96"}],"wp:attachment":[{"href":"https:\/\/bpwie.pl\/index.php?rest_route=%2Fwp%2Fv2%2Fmedia&parent=76"}],"curies":[{"name":"wp","href":"https:\/\/api.w.org\/{rel}","templated":true}]}}